{"id":3645,"date":"2012-11-19T11:59:50","date_gmt":"2012-11-19T11:59:50","guid":{"rendered":"http:\/\/localhost\/higyser\/?page_id=3645"},"modified":"2012-11-21T12:43:00","modified_gmt":"2012-11-21T12:43:00","slug":"about","status":"publish","type":"page","link":"https:\/\/www.higyser.es\/ca\/about","title":{"rendered":"&lt;!--:es--&gt;Acerca de Nosotros&lt;!--:--&gt;&lt;!--:ca--&gt;Sobre Nosaltres&lt;!--:--&gt;"},"content":{"rendered":"<p><\/p>\n<p>Benvingut a la p\u00e0gina web de Higiene y Servicios Siglo XXI, S.L.<\/p>\n<p>Com a distribuidors de productes i \u00fatils de neteja i higiene, disposem d&#8217;una \u00e0mplia gamma de productes qu\u00edmics de neteja i complements, que podr\u00e0 coneixer des del nostre cat\u00e0leg on-line.<\/p>\n<p>Pot consultar l&#8217;esmentat cat\u00e0leg des del men\u00fa de fam\u00edlies de productes, a la dreta de la p\u00e0gina, o descarregar-lo en format Adobe PDF, des de l&#8217;apartat &#8220;Desc\u00e0rregues&#8221;.<\/p>\n<p>Desitjem que la visita sigui del seu agrat, i quedem a la seva disposici\u00f3 per a qualsevol consulta que vulgui plantejar-nos.<\/p>\n<p><\/p>","protected":false},"excerpt":{"rendered":"<p>Benvingut a la p\u00e0gina web de Higiene y Servicios Siglo XXI, S.L. Com a distribuidors de productes i \u00fatils de neteja i higiene, disposem d&#8217;una \u00e0mplia gamma de productes qu\u00edmics de neteja i complements, que podr\u00e0 coneixer des del nostre [&hellip;]<\/p>\n","protected":false},"author":3,"featured_media":0,"parent":0,"menu_order":0,"comment_status":"open","ping_status":"open","template":"page-ABOUT.php","meta":{"footnotes":""},"class_list":["post-3645","page","type-page","status-publish","hentry"],"_links":{"self":[{"href":"https:\/\/www.higyser.es\/ca\/wp-json\/wp\/v2\/pages\/3645","targetHints":{"allow":["GET"]}}],"collection":[{"href":"https:\/\/www.higyser.es\/ca\/wp-json\/wp\/v2\/pages"}],"about":[{"href":"https:\/\/www.higyser.es\/ca\/wp-json\/wp\/v2\/types\/page"}],"author":[{"embeddable":true,"href":"https:\/\/www.higyser.es\/ca\/wp-json\/wp\/v2\/users\/3"}],"replies":[{"embeddable":true,"href":"https:\/\/www.higyser.es\/ca\/wp-json\/wp\/v2\/comments?post=3645"}],"version-history":[{"count":0,"href":"https:\/\/www.higyser.es\/ca\/wp-json\/wp\/v2\/pages\/3645\/revisions"}],"wp:attachment":[{"href":"https:\/\/www.higyser.es\/ca\/wp-json\/wp\/v2\/media?parent=3645"}],"curies":[{"name":"wp","href":"https:\/\/api.w.org\/{rel}","templated":true}]}}