{"id":3422,"date":"2012-09-06T10:04:52","date_gmt":"2012-09-06T10:04:52","guid":{"rendered":"http:\/\/localhost\/higyser\/?page_id=3422"},"modified":"2021-07-15T06:50:28","modified_gmt":"2021-07-15T06:50:28","slug":"legal","status":"publish","type":"page","link":"https:\/\/www.higyser.es\/ca\/legal","title":{"rendered":"Avis Legal"},"content":{"rendered":"<p><\/p>\n<h3>Sobre HIGIENE Y SERVICIOS S.XXI, S.L.<\/h3>\n<p>Carrer Costa 54, 08203 Barcelona, Espa\u00f1a C.I.F: B-63658504 Registre Mercantil de Barcelona, Folio 75, Tomo 37159, Full B300790 Tel. 938 281 730 <a title=\"Anar a Higyser.es\" href=\"http:\/\/higyser.es\">http:\/\/www.higyser.es<\/a><\/p>\n<h3>Sobre la Propietat Legal i el Copyright<\/h3>\n<p>El propietari d&#8217;aquest web i el seu contingut \u00e9s l&#8217;empresa HIGIENE Y SERVICIOS S.XXI, SL, d&#8217;ara endavant HIGYSER. Queda prohibida la transmissi\u00f3, cessi\u00f3, venda, lloguer i \/ o exposici\u00f3 p\u00fablica d&#8217;aquesta web sense la corresponent autoritzaci\u00f3 dels seus amos. La informaci\u00f3 i consells presentats en aquesta web s\u00f3n de car\u00e0cter orientatius quedant HIGYSER exempta de qualsevol responsabilitat derivada de la falta d&#8217;exactitud o efectivitat en aquesta informaci\u00f3 o consells. HIGYSER es reserva el dret de modificar el contingut de la web sense previ av\u00eds i sense cap tipus de limitaci\u00f3. La informaci\u00f3 remesa a aquesta web o introdu\u00efda a trav\u00e9s dels seus formularis haur\u00e0 de ser vera\u00e7 i no vulnerar\u00e0 el dret a tercers ni la legalitat vigent. HIGYSER declina qualsevol responsabilitat contractual o extracontractual amb la persona o empresa que tingu\u00e9s perjudicis de qualsevol naturalesa ocasionats per virus inform\u00e0tics o per elements inform\u00e0tics de qualsevol \u00edndole en no poder garantir al 100% l&#8217;abs\u00e8ncia de virus ni d&#8217;altres elements en la web.<\/p>\n<h3>Condicions d&#8217;Utilitzaci\u00f3 del Web<\/h3>\n<p>HIGYSER ofereix a la seva web informaci\u00f3 relacionada amb el tipus d&#8217;activitat, productes i serveis que realitza, pr\u00e8via subscripci\u00f3 i en els termes i condicions que siguin pactats. HIGYSER es reserva el dret a actualitzar, modificar o eliminar la informaci\u00f3 continguda en www.socigalpier.com podent limitar o no permetre l&#8217;acc\u00e9s a aquesta informaci\u00f3. Especialment, HIGYSER es reserva el dret a eliminar, limitar o impedir l&#8217;acc\u00e9s al seu web quan sorgeixin dificultats t\u00e8cniques per fets o circumst\u00e0ncies alienes a HIGYSER que, al seu criteri, disminueixin o anul \u00b7 lin els nivells de seguretat adoptats per l&#8217;adequat funcionament de la web .<\/p>\n<h3>Pol\u00edtica de Protecci\u00f3 de Dades Personals<\/h3>\n<p>Alguns serveis prestats al web poden contenir condicions particulars amb previsions espec\u00edfiques en mat\u00e8ria de protecci\u00f3 de Dades Personals. Les dades personals recollides seran objecte de tractament automatitzat i incorporats als corresponents fitxers automatitzats. L&#8217;usuari garanteix que les dades personals facilitades a HIGYSER s\u00f3n veraces i es fa responsable de comunicar qualsevol modificaci\u00f3 en els mateixos. HIGYSER, com a responsable del fitxer automatitzat, garanteix el ple compliment de la normativa de protecci\u00f3 de dades de car\u00e0cter personal, i aix\u00ed, d&#8217;acord amb la LO 15\/1999, els apoderats, intervinents, autoritzats i, si s&#8217;escau, avaladors de l&#8217;entitat jur\u00eddica firmant queden informats i presten el seu consentiment a la incorporaci\u00f3 de les seves dades als fitxers automatitzats existents. La recollida i tractament automatitzat de les dades personals t\u00e9 com a finalitat el manteniment de la relaci\u00f3 contractual amb HIGYSER, la gesti\u00f3, administraci\u00f3, prestaci\u00f3, ampliaci\u00f3 i millora dels serveis en els que l&#8217;usuari decideixi donar-se d&#8217;alta, aix\u00ed com l&#8217;enviament per mitjans tradicionals i electr\u00f2nics, d&#8217;informaci\u00f3 t\u00e8cnica, operativa i comercial sobre productes i serveis oferts per HIGYSER. HIGYSER ha adoptat els nivells de seguretat de protecci\u00f3 de les dades personals legalment requerits, i procura instal \u00b7 lar aquells altres mitjans i mesures t\u00e8cniques addicionals al seu abast per evitar la p\u00e8rdua, mal \u00fas, alteraci\u00f3, acc\u00e9s no autoritzat i robatori de les dades personals facilitades a HIGYSER. No obstant, l&#8217;usuari ha de ser conscient que les mesures de seguretat a Internet no s\u00f3n inexpugnables. Els usuaris tenen drets reconeguts i podran exercitar els drets d&#8217;acc\u00e9s, cancel \u00b7 laci\u00f3, rectificaci\u00f3 i oposici\u00f3, aix\u00ed com a ser informats de les cessions realitzades contactant amb HIGYSER. HIGYSER pot utilitzar cookies quan un usuari navega per la web, associant \u00fanicament amb el navegador d&#8217;un ordinador determinat (un usuari an\u00f2nim), i no proporcionen per si el nom i cognoms de l&#8217;usuari. Gr\u00e0cies a les cookies, resulta possible que HIGYSER reconegui els navegadors dels usuaris registrats despr\u00e9s que aquests s&#8217;hagin registrat per primera vegada, sense que hagin de registrar en cada visita per accedir a les \u00e0rees i serveis reservats exclusivament a ells. Les cookies utilitzades no poden llegir els arxius cookie creats per altres prove\u00efdors. L&#8217;usuari t\u00e9 la possibilitat de configurar el seu navegador per ser avisat en pantalla de la recepci\u00f3 de cookies i per impedir la instal \u00b7 laci\u00f3 de cookies al seu disc dur.<\/p>\n<h3>Anal\u00edtica Web<\/h3>\n<p>Aquesta p\u00e0gina web utilitza Google Analytics, un servei anal\u00edtic de web prestat per Google, Inc, una companyia de Delaware la oficina principal est\u00e0 a 1600 Amphitheatre Parkway, Mountain View (Calif\u00f2rnia), CA 94043, Estats Units (&#8220;Google&#8221;). Google Analytics utilitza &#8220;cookies&#8221;, que s\u00f3n arxius de text ubicats al seu ordinador, per ajudar al website a analitzar l&#8217;\u00fas que fan els usuaris del lloc web. La informaci\u00f3 que genera la cookie sobre el seu \u00fas del website (incloent la seva adre\u00e7a IP) ser\u00e0 directament transmesa i arxivada per Google en els servidors d&#8217;Estats Units. Google utilitzar\u00e0 aquesta informaci\u00f3 per compte nostre amb el prop\u00f2sit de seguir la pista del seu \u00fas del website, recopilant informes de l&#8217;activitat del website i prestant altres serveis relacionats amb l&#8217;activitat del website i l&#8217;\u00fas d&#8217;Internet. Google podr\u00e0 transmetre aquesta informaci\u00f3 a tercers quan aix\u00ed li ho requereixi la legislaci\u00f3, o quan aquests tercers processin la informaci\u00f3 per compte de Google. Google no associar\u00e0 la seva adre\u00e7a IP amb cap altra dada de qu\u00e8 disposi Google. Vost\u00e8 pot rebutjar el tractament de les dades o la informaci\u00f3 rebutjant l&#8217;\u00fas de cookies mitjan\u00e7ant la selecci\u00f3 de la configuraci\u00f3 apropiada del seu navegador, per\u00f2, ha de saber que si ho fa pot ser que no pugui utilitzar la plena funcionalitat d&#8217;aquest website. En utilitzar aquest lloc web vost\u00e8 consent el tractament d&#8217;informaci\u00f3 sobre vost\u00e8 per Google en la forma i per als fins dalt indicats.<\/p>","protected":false},"excerpt":{"rendered":"<p>Sobre HIGIENE Y SERVICIOS S.XXI, S.L. Carrer Costa 54, 08203 Barcelona, Espa\u00f1a C.I.F: B-63658504 Registre Mercantil de Barcelona, Folio 75, Tomo 37159, Full B300790 Tel. 938 281 730 http:\/\/www.higyser.es Sobre la Propietat Legal i el Copyright El propietari d&#8217;aquest web [&hellip;]<\/p>\n","protected":false},"author":3,"featured_media":0,"parent":0,"menu_order":0,"comment_status":"open","ping_status":"open","template":"","meta":{"footnotes":""},"class_list":["post-3422","page","type-page","status-publish","hentry"],"_links":{"self":[{"href":"https:\/\/www.higyser.es\/ca\/wp-json\/wp\/v2\/pages\/3422","targetHints":{"allow":["GET"]}}],"collection":[{"href":"https:\/\/www.higyser.es\/ca\/wp-json\/wp\/v2\/pages"}],"about":[{"href":"https:\/\/www.higyser.es\/ca\/wp-json\/wp\/v2\/types\/page"}],"author":[{"embeddable":true,"href":"https:\/\/www.higyser.es\/ca\/wp-json\/wp\/v2\/users\/3"}],"replies":[{"embeddable":true,"href":"https:\/\/www.higyser.es\/ca\/wp-json\/wp\/v2\/comments?post=3422"}],"version-history":[{"count":2,"href":"https:\/\/www.higyser.es\/ca\/wp-json\/wp\/v2\/pages\/3422\/revisions"}],"predecessor-version":[{"id":4184,"href":"https:\/\/www.higyser.es\/ca\/wp-json\/wp\/v2\/pages\/3422\/revisions\/4184"}],"wp:attachment":[{"href":"https:\/\/www.higyser.es\/ca\/wp-json\/wp\/v2\/media?parent=3422"}],"curies":[{"name":"wp","href":"https:\/\/api.w.org\/{rel}","templated":true}]}}