{"id":2916,"date":"2010-09-30T16:59:12","date_gmt":"2010-09-30T15:59:12","guid":{"rendered":"http:\/\/higyser.es\/"},"modified":"2012-09-06T08:12:44","modified_gmt":"2012-09-06T08:12:44","slug":"downloadcatalogues","status":"publish","type":"page","link":"https:\/\/www.higyser.es\/ca\/downloadcatalogues","title":{"rendered":"&lt;!--:es--&gt;Cat\u00e1logos&lt;!--:--&gt;&lt;!--:ca--&gt;Catalegs&lt;!--:--&gt;"},"content":{"rendered":"<p><\/p>\n<div>\n<p>Des d&#8217;aqu\u00ed pot descarregar el nostre cat\u00e0leg de productes en format Adobe PDF per a la seva consulta. (en Castell\u00e0)<\/p>\n<\/div>\n<p><\/p>","protected":false},"excerpt":{"rendered":"<p>Des d&#8217;aqu\u00ed pot descarregar el nostre cat\u00e0leg de productes en format Adobe PDF per a la seva consulta. (en Castell\u00e0)<\/p>\n","protected":false},"author":1,"featured_media":0,"parent":0,"menu_order":0,"comment_status":"closed","ping_status":"closed","template":"page-CATALOGUES.php","meta":{"footnotes":""},"class_list":["post-2916","page","type-page","status-publish","hentry"],"_links":{"self":[{"href":"https:\/\/www.higyser.es\/ca\/wp-json\/wp\/v2\/pages\/2916","targetHints":{"allow":["GET"]}}],"collection":[{"href":"https:\/\/www.higyser.es\/ca\/wp-json\/wp\/v2\/pages"}],"about":[{"href":"https:\/\/www.higyser.es\/ca\/wp-json\/wp\/v2\/types\/page"}],"author":[{"embeddable":true,"href":"https:\/\/www.higyser.es\/ca\/wp-json\/wp\/v2\/users\/1"}],"replies":[{"embeddable":true,"href":"https:\/\/www.higyser.es\/ca\/wp-json\/wp\/v2\/comments?post=2916"}],"version-history":[{"count":0,"href":"https:\/\/www.higyser.es\/ca\/wp-json\/wp\/v2\/pages\/2916\/revisions"}],"wp:attachment":[{"href":"https:\/\/www.higyser.es\/ca\/wp-json\/wp\/v2\/media?parent=2916"}],"curies":[{"name":"wp","href":"https:\/\/api.w.org\/{rel}","templated":true}]}}